{"id":14293,"date":"2024-05-02T17:18:20","date_gmt":"2024-05-02T15:18:20","guid":{"rendered":"https:\/\/caux-telecom.fr\/?page_id=14293"},"modified":"2025-12-09T16:39:40","modified_gmt":"2025-12-09T15:39:40","slug":"starlink","status":"publish","type":"page","link":"https:\/\/caux-telecom.fr\/?page_id=14293","title":{"rendered":"Starlink"},"content":{"rendered":"\t\t<div data-elementor-type=\"wp-page\" data-elementor-id=\"14293\" class=\"elementor elementor-14293\">\n\t\t\t\t\t\t<section class=\"elementor-section elementor-top-section elementor-element elementor-element-ae48a73 elementor-section-boxed elementor-section-height-default elementor-section-height-default\" data-id=\"ae48a73\" data-element_type=\"section\">\n\t\t\t\t\t\t<div class=\"elementor-container elementor-column-gap-default\">\n\t\t\t\t\t<div class=\"elementor-column elementor-col-50 elementor-top-column elementor-element elementor-element-4025cef elementor-invisible\" data-id=\"4025cef\" data-element_type=\"column\" data-settings=\"{&quot;animation&quot;:&quot;fadeInLeft&quot;}\">\n\t\t\t<div class=\"elementor-widget-wrap elementor-element-populated\">\n\t\t\t\t\t\t<div class=\"elementor-element elementor-element-d2245ab elementor-widget elementor-widget-heading\" data-id=\"d2245ab\" data-element_type=\"widget\" data-widget_type=\"heading.default\">\n\t\t\t\t<div class=\"elementor-widget-container\">\n\t\t\t\t\t<h4 class=\"elementor-heading-title elementor-size-default\">Acc\u00e8s Internet Starlink \u2013 Le Tr\u00e8s Haut D\u00e9bit Par Satellite<\/h4>\t\t\t\t<\/div>\n\t\t\t\t<\/div>\n\t\t\t\t<div class=\"elementor-element elementor-element-8adf828 elementor-widget elementor-widget-text-editor\" data-id=\"8adf828\" data-element_type=\"widget\" data-widget_type=\"text-editor.default\">\n\t\t\t\t<div class=\"elementor-widget-container\">\n\t\t\t\t\t\t\t\t\t<p>Pour les zones o\u00f9 la fibre n\u2019est pas disponible ou peu performante, Starlink offre une solution Internet par satellite nouvelle g\u00e9n\u00e9ration, avec des d\u00e9bits \u00e9lev\u00e9s et une latence tr\u00e8s faible.<\/p><p>Caux Telecom installe, configure et optimise Starlink pour les professionnels.<\/p>\t\t\t\t\t\t\t\t<\/div>\n\t\t\t\t<\/div>\n\t\t\t\t\t<\/div>\n\t\t<\/div>\n\t\t\t\t<div class=\"elementor-column elementor-col-50 elementor-top-column elementor-element elementor-element-1cd0f31 elementor-invisible\" data-id=\"1cd0f31\" data-element_type=\"column\" data-settings=\"{&quot;animation&quot;:&quot;fadeInRight&quot;}\">\n\t\t\t<div class=\"elementor-widget-wrap elementor-element-populated\">\n\t\t\t\t\t\t<div class=\"elementor-element elementor-element-cad14af elementor-widget__width-initial elementor-invisible elementor-widget elementor-widget-image\" data-id=\"cad14af\" data-element_type=\"widget\" data-settings=\"{&quot;_animation&quot;:&quot;fadeInRight&quot;}\" data-widget_type=\"image.default\">\n\t\t\t\t<div class=\"elementor-widget-container\">\n\t\t\t\t\t\t\t\t\t\t\t\t\t\t\t<img fetchpriority=\"high\" decoding=\"async\" width=\"1024\" height=\"520\" src=\"https:\/\/caux-telecom.fr\/wp-content\/uploads\/2025\/12\/pngwing.com_-1024x520.png\" class=\"attachment-large size-large wp-image-15017\" alt=\"\" srcset=\"https:\/\/caux-telecom.fr\/wp-content\/uploads\/2025\/12\/pngwing.com_-1024x520.png 1024w, https:\/\/caux-telecom.fr\/wp-content\/uploads\/2025\/12\/pngwing.com_-300x152.png 300w, https:\/\/caux-telecom.fr\/wp-content\/uploads\/2025\/12\/pngwing.com_-768x390.png 768w, https:\/\/caux-telecom.fr\/wp-content\/uploads\/2025\/12\/pngwing.com_-1536x780.png 1536w, https:\/\/caux-telecom.fr\/wp-content\/uploads\/2025\/12\/pngwing.com_-2048x1040.png 2048w, https:\/\/caux-telecom.fr\/wp-content\/uploads\/2025\/12\/pngwing.com_-689x350.png 689w\" sizes=\"(max-width: 1024px) 100vw, 1024px\" \/>\t\t\t\t\t\t\t\t\t\t\t\t\t\t\t<\/div>\n\t\t\t\t<\/div>\n\t\t\t\t\t<\/div>\n\t\t<\/div>\n\t\t\t\t\t<\/div>\n\t\t<\/section>\n\t\t\t\t<section class=\"elementor-section elementor-top-section elementor-element elementor-element-4636030 elementor-section-boxed elementor-section-height-default elementor-section-height-default\" data-id=\"4636030\" data-element_type=\"section\">\n\t\t\t\t\t\t<div class=\"elementor-container elementor-column-gap-default\">\n\t\t\t\t\t<div class=\"elementor-column elementor-col-100 elementor-top-column elementor-element elementor-element-06e81d3\" data-id=\"06e81d3\" data-element_type=\"column\">\n\t\t\t<div class=\"elementor-widget-wrap elementor-element-populated\">\n\t\t\t\t\t\t<div class=\"elementor-element elementor-element-5b819a3 elementor-widget elementor-widget-spacer\" data-id=\"5b819a3\" data-element_type=\"widget\" data-widget_type=\"spacer.default\">\n\t\t\t\t<div class=\"elementor-widget-container\">\n\t\t\t\t\t\t\t<div class=\"elementor-spacer\">\n\t\t\t<div class=\"elementor-spacer-inner\"><\/div>\n\t\t<\/div>\n\t\t\t\t\t\t<\/div>\n\t\t\t\t<\/div>\n\t\t\t\t\t<\/div>\n\t\t<\/div>\n\t\t\t\t\t<\/div>\n\t\t<\/section>\n\t\t\t\t<section class=\"elementor-section elementor-top-section elementor-element elementor-element-df14782 elementor-section-boxed elementor-section-height-default elementor-section-height-default\" data-id=\"df14782\" data-element_type=\"section\">\n\t\t\t\t\t\t<div class=\"elementor-container elementor-column-gap-default\">\n\t\t\t\t\t<div class=\"elementor-column elementor-col-33 elementor-top-column elementor-element elementor-element-9de5b9b elementor-invisible\" data-id=\"9de5b9b\" data-element_type=\"column\" data-settings=\"{&quot;animation&quot;:&quot;fadeInLeft&quot;}\">\n\t\t\t<div class=\"elementor-widget-wrap elementor-element-populated\">\n\t\t\t\t\t\t<div class=\"elementor-element elementor-element-f58d436 elementor-widget elementor-widget-heading\" data-id=\"f58d436\" data-element_type=\"widget\" data-widget_type=\"heading.default\">\n\t\t\t\t<div class=\"elementor-widget-container\">\n\t\t\t\t\t<h4 class=\"elementor-heading-title elementor-size-default\">Disponible partout<\/h4>\t\t\t\t<\/div>\n\t\t\t\t<\/div>\n\t\t\t\t<div class=\"elementor-element elementor-element-d1214d7 elementor-widget elementor-widget-text-editor\" data-id=\"d1214d7\" data-element_type=\"widget\" data-widget_type=\"text-editor.default\">\n\t\t\t\t<div class=\"elementor-widget-container\">\n\t\t\t\t\t\t\t\t\t<p data-start=\"770\" data-end=\"861\">Couverture quasi totale, m\u00eame en zones rurales isol\u00e9es.<\/p>\t\t\t\t\t\t\t\t<\/div>\n\t\t\t\t<\/div>\n\t\t\t\t\t<\/div>\n\t\t<\/div>\n\t\t\t\t<div class=\"elementor-column elementor-col-33 elementor-top-column elementor-element elementor-element-0e3c4a5 elementor-invisible\" data-id=\"0e3c4a5\" data-element_type=\"column\" data-settings=\"{&quot;animation&quot;:&quot;fadeInUp&quot;}\">\n\t\t\t<div class=\"elementor-widget-wrap elementor-element-populated\">\n\t\t\t\t\t\t<div class=\"elementor-element elementor-element-bd0c5ec elementor-widget elementor-widget-heading\" data-id=\"bd0c5ec\" data-element_type=\"widget\" data-widget_type=\"heading.default\">\n\t\t\t\t<div class=\"elementor-widget-container\">\n\t\t\t\t\t<h4 class=\"elementor-heading-title elementor-size-default\">Latence r\u00e9duite<\/h4>\t\t\t\t<\/div>\n\t\t\t\t<\/div>\n\t\t\t\t<div class=\"elementor-element elementor-element-227a6f2 elementor-widget elementor-widget-text-editor\" data-id=\"227a6f2\" data-element_type=\"widget\" data-widget_type=\"text-editor.default\">\n\t\t\t\t<div class=\"elementor-widget-container\">\n\t\t\t\t\t\t\t\t\t<p>Bien inf\u00e9rieure aux satellites traditionnels gr\u00e2ce \u00e0 l\u2019orbite basse (LEO).<\/p>\t\t\t\t\t\t\t\t<\/div>\n\t\t\t\t<\/div>\n\t\t\t\t\t<\/div>\n\t\t<\/div>\n\t\t\t\t<div class=\"elementor-column elementor-col-33 elementor-top-column elementor-element elementor-element-3d2f3c4 elementor-invisible\" data-id=\"3d2f3c4\" data-element_type=\"column\" data-settings=\"{&quot;animation&quot;:&quot;fadeInRight&quot;}\">\n\t\t\t<div class=\"elementor-widget-wrap elementor-element-populated\">\n\t\t\t\t\t\t<div class=\"elementor-element elementor-element-ac8aa72 elementor-widget elementor-widget-heading\" data-id=\"ac8aa72\" data-element_type=\"widget\" data-widget_type=\"heading.default\">\n\t\t\t\t<div class=\"elementor-widget-container\">\n\t\t\t\t\t<h4 class=\"elementor-heading-title elementor-size-default\">Installation rapide<\/h4>\t\t\t\t<\/div>\n\t\t\t\t<\/div>\n\t\t\t\t<div class=\"elementor-element elementor-element-1c8bc11 elementor-widget elementor-widget-text-editor\" data-id=\"1c8bc11\" data-element_type=\"widget\" data-widget_type=\"text-editor.default\">\n\t\t\t\t<div class=\"elementor-widget-container\">\n\t\t\t\t\t\t\t\t\t<p>Une antenne, un routeur, et vous \u00eates connect\u00e9s en moins de 24h.<\/p>\t\t\t\t\t\t\t\t<\/div>\n\t\t\t\t<\/div>\n\t\t\t\t\t<\/div>\n\t\t<\/div>\n\t\t\t\t\t<\/div>\n\t\t<\/section>\n\t\t\t\t<section class=\"elementor-section elementor-top-section elementor-element elementor-element-73e0650 elementor-section-boxed elementor-section-height-default elementor-section-height-default\" data-id=\"73e0650\" data-element_type=\"section\">\n\t\t\t\t\t\t<div class=\"elementor-container elementor-column-gap-default\">\n\t\t\t\t\t<div class=\"elementor-column elementor-col-100 elementor-top-column elementor-element elementor-element-453f9b5\" data-id=\"453f9b5\" data-element_type=\"column\">\n\t\t\t<div class=\"elementor-widget-wrap elementor-element-populated\">\n\t\t\t\t\t\t<div class=\"elementor-element elementor-element-cf579bf elementor-widget elementor-widget-spacer\" data-id=\"cf579bf\" data-element_type=\"widget\" data-widget_type=\"spacer.default\">\n\t\t\t\t<div class=\"elementor-widget-container\">\n\t\t\t\t\t\t\t<div class=\"elementor-spacer\">\n\t\t\t<div class=\"elementor-spacer-inner\"><\/div>\n\t\t<\/div>\n\t\t\t\t\t\t<\/div>\n\t\t\t\t<\/div>\n\t\t\t\t\t<\/div>\n\t\t<\/div>\n\t\t\t\t\t<\/div>\n\t\t<\/section>\n\t\t\t\t<section class=\"elementor-section elementor-top-section elementor-element elementor-element-a69012d elementor-section-boxed elementor-section-height-default elementor-section-height-default\" data-id=\"a69012d\" data-element_type=\"section\">\n\t\t\t\t\t\t<div class=\"elementor-container elementor-column-gap-default\">\n\t\t\t\t\t<div class=\"elementor-column elementor-col-50 elementor-top-column elementor-element elementor-element-118fe67 elementor-invisible\" data-id=\"118fe67\" data-element_type=\"column\" data-settings=\"{&quot;animation&quot;:&quot;fadeInLeft&quot;}\">\n\t\t\t<div class=\"elementor-widget-wrap elementor-element-populated\">\n\t\t\t\t\t\t<div class=\"elementor-element elementor-element-1fe197e elementor-widget elementor-widget-heading\" data-id=\"1fe197e\" data-element_type=\"widget\" data-widget_type=\"heading.default\">\n\t\t\t\t<div class=\"elementor-widget-container\">\n\t\t\t\t\t<h4 class=\"elementor-heading-title elementor-size-default\">D\u00e9bits tr\u00e8s \u00e9lev\u00e9s<\/h4>\t\t\t\t<\/div>\n\t\t\t\t<\/div>\n\t\t\t\t<div class=\"elementor-element elementor-element-0357ea1 elementor-widget elementor-widget-text-editor\" data-id=\"0357ea1\" data-element_type=\"widget\" data-widget_type=\"text-editor.default\">\n\t\t\t\t<div class=\"elementor-widget-container\">\n\t\t\t\t\t\t\t\t\t<p>Jusqu\u2019\u00e0 200\u2013300 Mb\/s selon la zone, parfaitement adapt\u00e9 pour :<\/p><p>\u00a0<\/p><ul><li>T\u00e9l\u00e9travail<\/li><li>VoIP<\/li><li>Visioconf\u00e9rence<\/li><li>Cloud professionnel<\/li><\/ul>\t\t\t\t\t\t\t\t<\/div>\n\t\t\t\t<\/div>\n\t\t\t\t\t<\/div>\n\t\t<\/div>\n\t\t\t\t<div class=\"elementor-column elementor-col-50 elementor-top-column elementor-element elementor-element-5a9bff1 elementor-invisible\" data-id=\"5a9bff1\" data-element_type=\"column\" data-settings=\"{&quot;animation&quot;:&quot;fadeInRight&quot;}\">\n\t\t\t<div class=\"elementor-widget-wrap elementor-element-populated\">\n\t\t\t\t\t\t<div class=\"elementor-element elementor-element-3dc18f4 elementor-widget elementor-widget-heading\" data-id=\"3dc18f4\" data-element_type=\"widget\" data-widget_type=\"heading.default\">\n\t\t\t\t<div class=\"elementor-widget-container\">\n\t\t\t\t\t<h4 class=\"elementor-heading-title elementor-size-default\">Caux Telecom : installation &amp; optimisation<\/h4>\t\t\t\t<\/div>\n\t\t\t\t<\/div>\n\t\t\t\t<div class=\"elementor-element elementor-element-de4a2f7 elementor-widget elementor-widget-text-editor\" data-id=\"de4a2f7\" data-element_type=\"widget\" data-widget_type=\"text-editor.default\">\n\t\t\t\t<div class=\"elementor-widget-container\">\n\t\t\t\t\t\t\t\t\t<p>Nous proposons :<\/p><p>\u00a0<\/p><ul><li>Installation sur site (toiture, m\u00e2t, pignon\u2026)<\/li><li>Optimisation de l\u2019orientation pour un signal maximal<\/li><li>Int\u00e9gration dans votre r\u00e9seau existant<\/li><li>Mise en place d\u2019un backup (Starlink \u2194 Fibre\/4G\/5G)<\/li><li>Support technique d\u00e9di\u00e9<\/li><\/ul>\t\t\t\t\t\t\t\t<\/div>\n\t\t\t\t<\/div>\n\t\t\t\t\t<\/div>\n\t\t<\/div>\n\t\t\t\t\t<\/div>\n\t\t<\/section>\n\t\t\t\t<\/div>\n\t\t","protected":false},"excerpt":{"rendered":"<p>Acc\u00e8s Internet Starlink \u2013 Le Tr\u00e8s Haut D\u00e9bit Par Satellite Pour les zones o\u00f9 la fibre n\u2019est pas disponible ou peu performante, Starlink offre une solution Internet par satellite nouvelle g\u00e9n\u00e9ration, avec des d\u00e9bits \u00e9lev\u00e9s et une latence tr\u00e8s faible. Caux Telecom installe, configure et optimise Starlink pour les professionnels. &hellip;<\/p>\n","protected":false},"author":3,"featured_media":0,"parent":0,"menu_order":0,"comment_status":"closed","ping_status":"closed","template":"","meta":{"footnotes":""},"class_list":["post-14293","page","type-page","status-publish","hentry"],"_links":{"self":[{"href":"https:\/\/caux-telecom.fr\/index.php?rest_route=\/wp\/v2\/pages\/14293","targetHints":{"allow":["GET"]}}],"collection":[{"href":"https:\/\/caux-telecom.fr\/index.php?rest_route=\/wp\/v2\/pages"}],"about":[{"href":"https:\/\/caux-telecom.fr\/index.php?rest_route=\/wp\/v2\/types\/page"}],"author":[{"embeddable":true,"href":"https:\/\/caux-telecom.fr\/index.php?rest_route=\/wp\/v2\/users\/3"}],"replies":[{"embeddable":true,"href":"https:\/\/caux-telecom.fr\/index.php?rest_route=%2Fwp%2Fv2%2Fcomments&post=14293"}],"version-history":[{"count":7,"href":"https:\/\/caux-telecom.fr\/index.php?rest_route=\/wp\/v2\/pages\/14293\/revisions"}],"predecessor-version":[{"id":15027,"href":"https:\/\/caux-telecom.fr\/index.php?rest_route=\/wp\/v2\/pages\/14293\/revisions\/15027"}],"wp:attachment":[{"href":"https:\/\/caux-telecom.fr\/index.php?rest_route=%2Fwp%2Fv2%2Fmedia&parent=14293"}],"curies":[{"name":"wp","href":"https:\/\/api.w.org\/{rel}","templated":true}]}}