{"id":13608,"date":"2022-03-31T15:03:33","date_gmt":"2022-03-31T13:03:33","guid":{"rendered":"https:\/\/caux-telecom.fr\/?page_id=13608"},"modified":"2025-12-09T17:31:08","modified_gmt":"2025-12-09T16:31:08","slug":"caux-telecom-studio","status":"publish","type":"page","link":"https:\/\/caux-telecom.fr\/?page_id=13608","title":{"rendered":"Caux-Telecom Studio"},"content":{"rendered":"\t\t<div data-elementor-type=\"wp-page\" data-elementor-id=\"13608\" class=\"elementor elementor-13608\">\n\t\t\t\t\t\t<section class=\"elementor-section elementor-top-section elementor-element elementor-element-648adab elementor-section-boxed elementor-section-height-default elementor-section-height-default\" data-id=\"648adab\" data-element_type=\"section\">\n\t\t\t\t\t\t<div class=\"elementor-container elementor-column-gap-default\">\n\t\t\t\t\t<div class=\"elementor-column elementor-col-50 elementor-top-column elementor-element elementor-element-ab0aff5 elementor-invisible\" data-id=\"ab0aff5\" data-element_type=\"column\" data-settings=\"{&quot;animation&quot;:&quot;fadeInLeft&quot;}\">\n\t\t\t<div class=\"elementor-widget-wrap elementor-element-populated\">\n\t\t\t\t\t\t<div class=\"elementor-element elementor-element-e7ebba5 elementor-widget elementor-widget-heading\" data-id=\"e7ebba5\" data-element_type=\"widget\" data-widget_type=\"heading.default\">\n\t\t\t\t<div class=\"elementor-widget-container\">\n\t\t\t\t\t<h4 class=\"elementor-heading-title elementor-size-default\">Votre accueil t\u00e9l\u00e9phonique est un m\u00e9dia \u2013 Faites-en un atout<\/h4>\t\t\t\t<\/div>\n\t\t\t\t<\/div>\n\t\t\t\t<div class=\"elementor-element elementor-element-d99cc32 elementor-widget elementor-widget-text-editor\" data-id=\"d99cc32\" data-element_type=\"widget\" data-widget_type=\"text-editor.default\">\n\t\t\t\t<div class=\"elementor-widget-container\">\n\t\t\t\t\t\t\t\t\t<p>Chez Caux Telecom Studio, nous consid\u00e9rons que votre accueil t\u00e9l\u00e9phonique est bien plus qu\u2019un simple passage obligatoire : c\u2019est le premier contact, la premi\u00e8re impression, et souvent la premi\u00e8re image que vos clients gardent de votre entreprise.<\/p>\n<p>Nous cr\u00e9ons pour vous une identit\u00e9 sonore professionnelle, \u00e9l\u00e9gante et coh\u00e9rente avec vos valeurs, afin que chaque appel refl\u00e8te parfaitement l\u2019image que vous souhaitez transmettre.<\/p>\t\t\t\t\t\t\t\t<\/div>\n\t\t\t\t<\/div>\n\t\t\t\t\t<\/div>\n\t\t<\/div>\n\t\t\t\t<div class=\"elementor-column elementor-col-50 elementor-top-column elementor-element elementor-element-d60d3bd elementor-invisible\" data-id=\"d60d3bd\" data-element_type=\"column\" data-settings=\"{&quot;animation&quot;:&quot;fadeInRight&quot;}\">\n\t\t\t<div class=\"elementor-widget-wrap elementor-element-populated\">\n\t\t\t\t\t\t<div class=\"elementor-element elementor-element-3ad2246 elementor-widget__width-initial elementor-widget elementor-widget-image\" data-id=\"3ad2246\" data-element_type=\"widget\" data-widget_type=\"image.default\">\n\t\t\t\t<div class=\"elementor-widget-container\">\n\t\t\t\t\t\t\t\t\t\t\t\t\t\t\t<img fetchpriority=\"high\" decoding=\"async\" width=\"368\" height=\"200\" src=\"https:\/\/caux-telecom.fr\/wp-content\/uploads\/2022\/03\/CXT-STUDIO.png\" class=\"attachment-large size-large wp-image-13605\" alt=\"\" srcset=\"https:\/\/caux-telecom.fr\/wp-content\/uploads\/2022\/03\/CXT-STUDIO.png 368w, https:\/\/caux-telecom.fr\/wp-content\/uploads\/2022\/03\/CXT-STUDIO-300x163.png 300w\" sizes=\"(max-width: 368px) 100vw, 368px\" \/>\t\t\t\t\t\t\t\t\t\t\t\t\t\t\t<\/div>\n\t\t\t\t<\/div>\n\t\t\t\t\t<\/div>\n\t\t<\/div>\n\t\t\t\t\t<\/div>\n\t\t<\/section>\n\t\t\t\t<section class=\"elementor-section elementor-top-section elementor-element elementor-element-3b9adbf elementor-section-boxed elementor-section-height-default elementor-section-height-default\" data-id=\"3b9adbf\" data-element_type=\"section\">\n\t\t\t\t\t\t<div class=\"elementor-container elementor-column-gap-default\">\n\t\t\t\t\t<div class=\"elementor-column elementor-col-100 elementor-top-column elementor-element elementor-element-a614e2e\" data-id=\"a614e2e\" data-element_type=\"column\">\n\t\t\t<div class=\"elementor-widget-wrap elementor-element-populated\">\n\t\t\t\t\t\t<div class=\"elementor-element elementor-element-29f2ad9 elementor-widget elementor-widget-spacer\" data-id=\"29f2ad9\" data-element_type=\"widget\" data-widget_type=\"spacer.default\">\n\t\t\t\t<div class=\"elementor-widget-container\">\n\t\t\t\t\t\t\t<div class=\"elementor-spacer\">\n\t\t\t<div class=\"elementor-spacer-inner\"><\/div>\n\t\t<\/div>\n\t\t\t\t\t\t<\/div>\n\t\t\t\t<\/div>\n\t\t\t\t\t<\/div>\n\t\t<\/div>\n\t\t\t\t\t<\/div>\n\t\t<\/section>\n\t\t\t\t<section class=\"elementor-section elementor-top-section elementor-element elementor-element-86c7a43 elementor-section-boxed elementor-section-height-default elementor-section-height-default\" data-id=\"86c7a43\" data-element_type=\"section\">\n\t\t\t\t\t\t<div class=\"elementor-container elementor-column-gap-default\">\n\t\t\t\t\t<div class=\"elementor-column elementor-col-50 elementor-top-column elementor-element elementor-element-abd963b elementor-invisible\" data-id=\"abd963b\" data-element_type=\"column\" data-settings=\"{&quot;animation&quot;:&quot;fadeInLeft&quot;}\">\n\t\t\t<div class=\"elementor-widget-wrap elementor-element-populated\">\n\t\t\t\t\t\t<div class=\"elementor-element elementor-element-04ae565 elementor-widget elementor-widget-heading\" data-id=\"04ae565\" data-element_type=\"widget\" data-widget_type=\"heading.default\">\n\t\t\t\t<div class=\"elementor-widget-container\">\n\t\t\t\t\t<h4 class=\"elementor-heading-title elementor-size-default\">Une prestation sur mesure, pens\u00e9e pour votre entreprise<\/h4>\t\t\t\t<\/div>\n\t\t\t\t<\/div>\n\t\t\t\t<div class=\"elementor-element elementor-element-9eb7526 elementor-widget elementor-widget-text-editor\" data-id=\"9eb7526\" data-element_type=\"widget\" data-widget_type=\"text-editor.default\">\n\t\t\t\t<div class=\"elementor-widget-container\">\n\t\t\t\t\t\t\t\t\t<p data-start=\"770\" data-end=\"861\">Nous r\u00e9alisons vos messages d\u2019accueil, attentes, SVI et annonces de mani\u00e8re totalement personnalis\u00e9e.<span style=\"text-indent: 0em; text-align: inherit;\">.<\/span><\/p>\n<p data-start=\"770\" data-end=\"861\">Nous vous accompagnons sur :<\/p>\n<ul>\n<li>Messages d\u2019accueil t\u00e9l\u00e9phonique<\/li>\n<li><span style=\"text-align: inherit;\">Messages d\u2019attente<\/span><\/li>\n<li><span style=\"text-align: inherit;\">Messages institutionnels et promotionnels<\/span><\/li>\n<li><span style=\"text-align: inherit;\">Serveur vocal interactif (SVI \/ IVR)<\/span><\/li>\n<li><span style=\"text-align: inherit;\">Identit\u00e9 sonore corporate<\/span><\/li>\n<li><span style=\"text-align: inherit;\">Voix professionnelles et habillage musical<\/span><\/li>\n<li><span style=\"text-align: inherit;\">Chaque message est \u00e9crit, enregistr\u00e9 et adapt\u00e9 pour garantir une qualit\u00e9 audio irr\u00e9prochable sur votre syst\u00e8me t\u00e9l\u00e9phonique.<\/span><\/li>\n<\/ul>\t\t\t\t\t\t\t\t<\/div>\n\t\t\t\t<\/div>\n\t\t\t\t\t<\/div>\n\t\t<\/div>\n\t\t\t\t<div class=\"elementor-column elementor-col-50 elementor-top-column elementor-element elementor-element-ee7152e elementor-invisible\" data-id=\"ee7152e\" data-element_type=\"column\" data-settings=\"{&quot;animation&quot;:&quot;fadeInRight&quot;}\">\n\t\t\t<div class=\"elementor-widget-wrap elementor-element-populated\">\n\t\t\t\t\t\t<div class=\"elementor-element elementor-element-ad5fcdb elementor-widget elementor-widget-heading\" data-id=\"ad5fcdb\" data-element_type=\"widget\" data-widget_type=\"heading.default\">\n\t\t\t\t<div class=\"elementor-widget-container\">\n\t\t\t\t\t<h4 class=\"elementor-heading-title elementor-size-default\">Une approche cr\u00e9ative et professionnelle<\/h4>\t\t\t\t<\/div>\n\t\t\t\t<\/div>\n\t\t\t\t<div class=\"elementor-element elementor-element-5feed23 elementor-widget elementor-widget-text-editor\" data-id=\"5feed23\" data-element_type=\"widget\" data-widget_type=\"text-editor.default\">\n\t\t\t\t<div class=\"elementor-widget-container\">\n\t\t\t\t\t\t\t\t\t<p>Confiez-nous votre projet :<\/p>\n<p>Parlez-nous de votre soci\u00e9t\u00e9, de son activit\u00e9, de son environnement et de vos objectifs.<\/p>\n<p>Nous saurons :<\/p>\n<ul>\n<li><span style=\"text-align: inherit;\">Recueillir l\u2019essentiel<\/span><\/li>\n<li><span style=\"text-align: inherit;\">Analyser votre positionnement<\/span><\/li>\n<li><span style=\"text-align: inherit;\">Reformuler vos messages avec soin<\/span><\/li>\n<li><span style=\"text-align: inherit;\">Apporter un ton professionnel, rassurant ou dynamique selon vos besoins<\/span><\/li>\n<li><span style=\"text-align: inherit;\">Cr\u00e9er une identit\u00e9 sonore coh\u00e9rente et m\u00e9morable<\/span><\/li>\n<\/ul>\n<p>Notre expertise du monde de l\u2019entreprise et notre passion pour la voix, le son et les mots nous permettent de vous guider dans chaque choix.<\/p>\t\t\t\t\t\t\t\t<\/div>\n\t\t\t\t<\/div>\n\t\t\t\t\t<\/div>\n\t\t<\/div>\n\t\t\t\t\t<\/div>\n\t\t<\/section>\n\t\t\t\t<section class=\"elementor-section elementor-top-section elementor-element elementor-element-1fdb9f2 elementor-section-boxed elementor-section-height-default elementor-section-height-default\" data-id=\"1fdb9f2\" data-element_type=\"section\">\n\t\t\t\t\t\t<div class=\"elementor-container elementor-column-gap-default\">\n\t\t\t\t\t<div class=\"elementor-column elementor-col-50 elementor-top-column elementor-element elementor-element-58e12f2 elementor-invisible\" data-id=\"58e12f2\" data-element_type=\"column\" data-settings=\"{&quot;animation&quot;:&quot;fadeInLeft&quot;}\">\n\t\t\t<div class=\"elementor-widget-wrap elementor-element-populated\">\n\t\t\t\t\t\t<div class=\"elementor-element elementor-element-421a8a0 elementor-widget elementor-widget-heading\" data-id=\"421a8a0\" data-element_type=\"widget\" data-widget_type=\"heading.default\">\n\t\t\t\t<div class=\"elementor-widget-container\">\n\t\t\t\t\t<h4 class=\"elementor-heading-title elementor-size-default\">Un message qui vous ressemble, une communication sonore r\u00e9ussie<\/h4>\t\t\t\t<\/div>\n\t\t\t\t<\/div>\n\t\t\t\t<div class=\"elementor-element elementor-element-a523737 elementor-widget elementor-widget-text-editor\" data-id=\"a523737\" data-element_type=\"widget\" data-widget_type=\"text-editor.default\">\n\t\t\t\t<div class=\"elementor-widget-container\">\n\t\t\t\t\t\t\t\t\t<p data-start=\"770\" data-end=\"861\">Nous donnons vie \u00e0 vos messages t\u00e9l\u00e9phoniques avec :<\/p>\n<ul>\n<li>Des voix professionnelles (homme \/ femme)<\/li>\n<li>Des musiques libres de droits soigneusement s\u00e9lectionn\u00e9es<\/li>\n<li>Une \u00e9criture claire, positive et efficace<\/li>\n<li>Un montage optimis\u00e9 pour tous les standards t\u00e9l\u00e9phoniques<\/li>\n<\/ul>\n<p><span style=\"text-align: inherit;\">Votre accueil t\u00e9l\u00e9phonique devient un v\u00e9ritable vecteur d\u2019image, un outil de communication \u00e0 part enti\u00e8re.<\/span><\/p>\t\t\t\t\t\t\t\t<\/div>\n\t\t\t\t<\/div>\n\t\t\t\t\t<\/div>\n\t\t<\/div>\n\t\t\t\t<div class=\"elementor-column elementor-col-50 elementor-top-column elementor-element elementor-element-e46b560 elementor-invisible\" data-id=\"e46b560\" data-element_type=\"column\" data-settings=\"{&quot;animation&quot;:&quot;fadeInRight&quot;}\">\n\t\t\t<div class=\"elementor-widget-wrap elementor-element-populated\">\n\t\t\t\t\t\t<div class=\"elementor-element elementor-element-ad4a51d elementor-widget elementor-widget-heading\" data-id=\"ad4a51d\" data-element_type=\"widget\" data-widget_type=\"heading.default\">\n\t\t\t\t<div class=\"elementor-widget-container\">\n\t\t\t\t\t<h4 class=\"elementor-heading-title elementor-size-default\">Notre promesse : votre satisfaction<\/h4>\t\t\t\t<\/div>\n\t\t\t\t<\/div>\n\t\t\t\t<div class=\"elementor-element elementor-element-373e38f elementor-widget elementor-widget-text-editor\" data-id=\"373e38f\" data-element_type=\"widget\" data-widget_type=\"text-editor.default\">\n\t\t\t\t<div class=\"elementor-widget-container\">\n\t\t\t\t\t\t\t\t\t<p data-start=\"2544\" data-end=\"2595\">Chez Caux-Telecom Studio, nous nous engageons \u00e0 :<\/p>\n<ul data-start=\"2596\" data-end=\"2806\">\n<li data-start=\"2596\" data-end=\"2644\">\n<p data-start=\"2598\" data-end=\"2644\">Vous proposer un accompagnement personnalis\u00e9<\/p>\n<\/li>\n<li data-start=\"2645\" data-end=\"2685\">\n<p data-start=\"2647\" data-end=\"2685\">Respecter vos attentes et vos d\u00e9lais<\/p>\n<\/li>\n<li data-start=\"2686\" data-end=\"2749\">\n<p data-start=\"2688\" data-end=\"2749\">Fournir des messages qualitatifs, professionnels et adapt\u00e9s<\/p>\n<\/li>\n<li data-start=\"2750\" data-end=\"2806\">\n<p data-start=\"2752\" data-end=\"2806\">Garantir une identit\u00e9 sonore coh\u00e9rente et impactante<\/p>\n<\/li>\n<\/ul>\n<p data-start=\"2808\" data-end=\"2857\">Votre satisfaction est au c\u0153ur de notre d\u00e9marche.<\/p>\t\t\t\t\t\t\t\t<\/div>\n\t\t\t\t<\/div>\n\t\t\t\t\t<\/div>\n\t\t<\/div>\n\t\t\t\t\t<\/div>\n\t\t<\/section>\n\t\t\t\t<\/div>\n\t\t","protected":false},"excerpt":{"rendered":"<p>Votre accueil t\u00e9l\u00e9phonique est un m\u00e9dia \u2013 Faites-en un atout Chez Caux Telecom Studio, nous consid\u00e9rons que votre accueil t\u00e9l\u00e9phonique est bien plus qu\u2019un simple passage obligatoire : c\u2019est le premier contact, la premi\u00e8re impression, et souvent la premi\u00e8re image que vos clients gardent de votre entreprise. Nous cr\u00e9ons pour &hellip;<\/p>\n","protected":false},"author":3,"featured_media":0,"parent":0,"menu_order":0,"comment_status":"closed","ping_status":"closed","template":"","meta":{"footnotes":""},"class_list":["post-13608","page","type-page","status-publish","hentry"],"_links":{"self":[{"href":"https:\/\/caux-telecom.fr\/index.php?rest_route=\/wp\/v2\/pages\/13608","targetHints":{"allow":["GET"]}}],"collection":[{"href":"https:\/\/caux-telecom.fr\/index.php?rest_route=\/wp\/v2\/pages"}],"about":[{"href":"https:\/\/caux-telecom.fr\/index.php?rest_route=\/wp\/v2\/types\/page"}],"author":[{"embeddable":true,"href":"https:\/\/caux-telecom.fr\/index.php?rest_route=\/wp\/v2\/users\/3"}],"replies":[{"embeddable":true,"href":"https:\/\/caux-telecom.fr\/index.php?rest_route=%2Fwp%2Fv2%2Fcomments&post=13608"}],"version-history":[{"count":10,"href":"https:\/\/caux-telecom.fr\/index.php?rest_route=\/wp\/v2\/pages\/13608\/revisions"}],"predecessor-version":[{"id":15049,"href":"https:\/\/caux-telecom.fr\/index.php?rest_route=\/wp\/v2\/pages\/13608\/revisions\/15049"}],"wp:attachment":[{"href":"https:\/\/caux-telecom.fr\/index.php?rest_route=%2Fwp%2Fv2%2Fmedia&parent=13608"}],"curies":[{"name":"wp","href":"https:\/\/api.w.org\/{rel}","templated":true}]}}