{"id":13508,"date":"2021-05-12T15:34:54","date_gmt":"2021-05-12T13:34:54","guid":{"rendered":"https:\/\/caux-telecom.fr\/?page_id=13508"},"modified":"2025-12-09T17:13:34","modified_gmt":"2025-12-09T16:13:34","slug":"mobile","status":"publish","type":"page","link":"https:\/\/caux-telecom.fr\/?page_id=13508","title":{"rendered":"Mobile"},"content":{"rendered":"\t\t<div data-elementor-type=\"wp-page\" data-elementor-id=\"13508\" class=\"elementor elementor-13508\">\n\t\t\t\t\t\t<section class=\"elementor-section elementor-top-section elementor-element elementor-element-bde89cf elementor-section-boxed elementor-section-height-default elementor-section-height-default\" data-id=\"bde89cf\" data-element_type=\"section\">\n\t\t\t\t\t\t<div class=\"elementor-container elementor-column-gap-default\">\n\t\t\t\t\t<div class=\"elementor-column elementor-col-50 elementor-top-column elementor-element elementor-element-86df47d elementor-invisible\" data-id=\"86df47d\" data-element_type=\"column\" data-settings=\"{&quot;animation&quot;:&quot;fadeInLeft&quot;}\">\n\t\t\t<div class=\"elementor-widget-wrap elementor-element-populated\">\n\t\t\t\t\t\t<div class=\"elementor-element elementor-element-1e16bc4 elementor-widget elementor-widget-heading\" data-id=\"1e16bc4\" data-element_type=\"widget\" data-widget_type=\"heading.default\">\n\t\t\t\t<div class=\"elementor-widget-container\">\n\t\t\t\t\t<h4 class=\"elementor-heading-title elementor-size-default\">Mobilit\u00e9 T\u00e9l\u00e9phonique \u2013 Offres Mobiles Professionnelles<\/h4>\t\t\t\t<\/div>\n\t\t\t\t<\/div>\n\t\t\t\t<div class=\"elementor-element elementor-element-4c4a3ba elementor-widget elementor-widget-text-editor\" data-id=\"4c4a3ba\" data-element_type=\"widget\" data-widget_type=\"text-editor.default\">\n\t\t\t\t<div class=\"elementor-widget-container\">\n\t\t\t\t\t\t\t\t\t<p>Gr\u00e2ce \u00e0 nos offres mobiles professionnelles, Caux Telecom vous propose des solutions de communication adapt\u00e9es au travail nomade, avec le choix entre les deux meilleurs r\u00e9seaux du march\u00e9 : Orange ou Bouygues Telecom.<\/p><p>Que vous soyez sur site, en d\u00e9placement, en t\u00e9l\u00e9travail ou en mobilit\u00e9 totale, vous b\u00e9n\u00e9ficiez d\u2019une connectivit\u00e9 fiable, s\u00e9curis\u00e9e et parfaitement int\u00e9gr\u00e9e \u00e0 vos outils professionnels.<\/p>\t\t\t\t\t\t\t\t<\/div>\n\t\t\t\t<\/div>\n\t\t\t\t\t<\/div>\n\t\t<\/div>\n\t\t\t\t<div class=\"elementor-column elementor-col-50 elementor-top-column elementor-element elementor-element-061ea8a elementor-invisible\" data-id=\"061ea8a\" data-element_type=\"column\" data-settings=\"{&quot;animation&quot;:&quot;fadeInRight&quot;}\">\n\t\t\t<div class=\"elementor-widget-wrap elementor-element-populated\">\n\t\t\t\t\t\t<div class=\"elementor-element elementor-element-4c7edbd elementor-widget__width-initial elementor-view-default elementor-widget elementor-widget-icon\" data-id=\"4c7edbd\" data-element_type=\"widget\" data-widget_type=\"icon.default\">\n\t\t\t\t<div class=\"elementor-widget-container\">\n\t\t\t\t\t\t\t<div class=\"elementor-icon-wrapper\">\n\t\t\t<div class=\"elementor-icon\">\n\t\t\t<i aria-hidden=\"true\" class=\"fas fa-mobile-alt\"><\/i>\t\t\t<\/div>\n\t\t<\/div>\n\t\t\t\t\t\t<\/div>\n\t\t\t\t<\/div>\n\t\t\t\t\t<\/div>\n\t\t<\/div>\n\t\t\t\t\t<\/div>\n\t\t<\/section>\n\t\t\t\t<section class=\"elementor-section elementor-top-section elementor-element elementor-element-e1b3ced elementor-section-boxed elementor-section-height-default elementor-section-height-default\" data-id=\"e1b3ced\" data-element_type=\"section\">\n\t\t\t\t\t\t<div class=\"elementor-container elementor-column-gap-default\">\n\t\t\t\t\t<div class=\"elementor-column elementor-col-100 elementor-top-column elementor-element elementor-element-5264074\" data-id=\"5264074\" data-element_type=\"column\">\n\t\t\t<div class=\"elementor-widget-wrap elementor-element-populated\">\n\t\t\t\t\t\t<div class=\"elementor-element elementor-element-3798f6e elementor-widget elementor-widget-spacer\" data-id=\"3798f6e\" data-element_type=\"widget\" data-widget_type=\"spacer.default\">\n\t\t\t\t<div class=\"elementor-widget-container\">\n\t\t\t\t\t\t\t<div class=\"elementor-spacer\">\n\t\t\t<div class=\"elementor-spacer-inner\"><\/div>\n\t\t<\/div>\n\t\t\t\t\t\t<\/div>\n\t\t\t\t<\/div>\n\t\t\t\t\t<\/div>\n\t\t<\/div>\n\t\t\t\t\t<\/div>\n\t\t<\/section>\n\t\t\t\t<section class=\"elementor-section elementor-top-section elementor-element elementor-element-de1c6ef elementor-section-boxed elementor-section-height-default elementor-section-height-default\" data-id=\"de1c6ef\" data-element_type=\"section\">\n\t\t\t\t\t\t<div class=\"elementor-container elementor-column-gap-default\">\n\t\t\t\t\t<div class=\"elementor-column elementor-col-50 elementor-top-column elementor-element elementor-element-280829d elementor-invisible\" data-id=\"280829d\" data-element_type=\"column\" data-settings=\"{&quot;animation&quot;:&quot;fadeInLeft&quot;}\">\n\t\t\t<div class=\"elementor-widget-wrap elementor-element-populated\">\n\t\t\t\t\t\t<div class=\"elementor-element elementor-element-d4a4004 elementor-widget elementor-widget-heading\" data-id=\"d4a4004\" data-element_type=\"widget\" data-widget_type=\"heading.default\">\n\t\t\t\t<div class=\"elementor-widget-container\">\n\t\t\t\t\t<h4 class=\"elementor-heading-title elementor-size-default\">Choix du r\u00e9seau : Orange ou Bouygues Telecom<\/h4>\t\t\t\t<\/div>\n\t\t\t\t<\/div>\n\t\t\t\t<div class=\"elementor-element elementor-element-e234343 elementor-widget elementor-widget-text-editor\" data-id=\"e234343\" data-element_type=\"widget\" data-widget_type=\"text-editor.default\">\n\t\t\t\t<div class=\"elementor-widget-container\">\n\t\t\t\t\t\t\t\t\t<p data-start=\"770\" data-end=\"861\">S\u00e9lectionnez le r\u00e9seau offrant la meilleure couverture sur votre zone g\u00e9ographique.<\/p><p data-start=\"770\" data-end=\"861\">Vous profitez ainsi de :<\/p><ul><li>La meilleure qualit\u00e9 d\u2019appel<\/li><li>Une r\u00e9ception optimale<\/li><li>Une couverture 4G\/5G \u00e9tendue<\/li><li>Une continuit\u00e9 de service m\u00eame en d\u00e9placement<\/li><\/ul><div><p style=\"font-style: normal; font-variant-ligatures: normal; font-variant-caps: normal; font-weight: 400; font-size: 15px; font-family: Roboto, sans-serif; text-indent: 0px;\">Multi-r\u00e9seaux :<\/p><ul><li>Possibilit\u00e9 de panacher les lignes entre Orange et Bouygues Telecom selon les besoins et emplacements.<\/li><\/ul><\/div>\t\t\t\t\t\t\t\t<\/div>\n\t\t\t\t<\/div>\n\t\t\t\t\t<\/div>\n\t\t<\/div>\n\t\t\t\t<div class=\"elementor-column elementor-col-50 elementor-top-column elementor-element elementor-element-3cf2f41 elementor-invisible\" data-id=\"3cf2f41\" data-element_type=\"column\" data-settings=\"{&quot;animation&quot;:&quot;fadeInRight&quot;}\">\n\t\t\t<div class=\"elementor-widget-wrap elementor-element-populated\">\n\t\t\t\t\t\t<div class=\"elementor-element elementor-element-e1ff587 elementor-widget elementor-widget-heading\" data-id=\"e1ff587\" data-element_type=\"widget\" data-widget_type=\"heading.default\">\n\t\t\t\t<div class=\"elementor-widget-container\">\n\t\t\t\t\t<h4 class=\"elementor-heading-title elementor-size-default\">Une gestion de flotte simple et flexible<\/h4>\t\t\t\t<\/div>\n\t\t\t\t<\/div>\n\t\t\t\t<div class=\"elementor-element elementor-element-a61330f elementor-widget elementor-widget-text-editor\" data-id=\"a61330f\" data-element_type=\"widget\" data-widget_type=\"text-editor.default\">\n\t\t\t\t<div class=\"elementor-widget-container\">\n\t\t\t\t\t\t\t\t\t<p>La mobilit\u00e9 par Caux Telecom offre une souplesse unique pour piloter vos \u00e9quipements.<\/p><p>G\u00e9rez votre flotte mobile facilement :<\/p><ul><li>Ajout \/ suppression de lignes<\/li><li>Modification des options<\/li><li>Suivi de la consommation<\/li><li>Alertes en cas de d\u00e9passement<\/li><li>Facturation claire et centralis\u00e9e<\/li><\/ul>\t\t\t\t\t\t\t\t<\/div>\n\t\t\t\t<\/div>\n\t\t\t\t\t<\/div>\n\t\t<\/div>\n\t\t\t\t\t<\/div>\n\t\t<\/section>\n\t\t\t\t<section class=\"elementor-section elementor-top-section elementor-element elementor-element-60b7200 elementor-section-boxed elementor-section-height-default elementor-section-height-default\" data-id=\"60b7200\" data-element_type=\"section\">\n\t\t\t\t\t\t<div class=\"elementor-container elementor-column-gap-default\">\n\t\t\t\t\t<div class=\"elementor-column elementor-col-100 elementor-top-column elementor-element elementor-element-782d025\" data-id=\"782d025\" data-element_type=\"column\">\n\t\t\t<div class=\"elementor-widget-wrap elementor-element-populated\">\n\t\t\t\t\t\t<div class=\"elementor-element elementor-element-70bbf97 elementor-widget elementor-widget-spacer\" data-id=\"70bbf97\" data-element_type=\"widget\" data-widget_type=\"spacer.default\">\n\t\t\t\t<div class=\"elementor-widget-container\">\n\t\t\t\t\t\t\t<div class=\"elementor-spacer\">\n\t\t\t<div class=\"elementor-spacer-inner\"><\/div>\n\t\t<\/div>\n\t\t\t\t\t\t<\/div>\n\t\t\t\t<\/div>\n\t\t\t\t\t<\/div>\n\t\t<\/div>\n\t\t\t\t\t<\/div>\n\t\t<\/section>\n\t\t\t\t<section class=\"elementor-section elementor-top-section elementor-element elementor-element-09cc7c9 elementor-section-boxed elementor-section-height-default elementor-section-height-default\" data-id=\"09cc7c9\" data-element_type=\"section\">\n\t\t\t\t\t\t<div class=\"elementor-container elementor-column-gap-default\">\n\t\t\t\t\t<div class=\"elementor-column elementor-col-50 elementor-top-column elementor-element elementor-element-c0809e6 elementor-invisible\" data-id=\"c0809e6\" data-element_type=\"column\" data-settings=\"{&quot;animation&quot;:&quot;fadeInLeft&quot;}\">\n\t\t\t<div class=\"elementor-widget-wrap elementor-element-populated\">\n\t\t\t\t\t\t<div class=\"elementor-element elementor-element-23f677d elementor-widget elementor-widget-heading\" data-id=\"23f677d\" data-element_type=\"widget\" data-widget_type=\"heading.default\">\n\t\t\t\t<div class=\"elementor-widget-container\">\n\t\t\t\t\t<h4 class=\"elementor-heading-title elementor-size-default\">Des forfaits data adapt\u00e9s aux usages moderne<\/h4>\t\t\t\t<\/div>\n\t\t\t\t<\/div>\n\t\t\t\t<div class=\"elementor-element elementor-element-1547c7e elementor-widget elementor-widget-text-editor\" data-id=\"1547c7e\" data-element_type=\"widget\" data-widget_type=\"text-editor.default\">\n\t\t\t\t<div class=\"elementor-widget-container\">\n\t\t\t\t\t\t\t\t\t<p>Nos forfaits professionnels montent jusqu\u2019\u00e0 500 Go pour r\u00e9pondre \u00e0 tous vos besoins de mobilit\u00e9 :<\/p><ul><li>T\u00e9l\u00e9travail intensif<\/li><li>Visioconf\u00e9rences<\/li><li>Transferts de fichiers volumineux<\/li><li>Utilisation d\u2019applications m\u00e9tier<\/li><li>Connexion partag\u00e9e ou routeurs nomades<\/li><\/ul><div>\u00a0<\/div>\t\t\t\t\t\t\t\t<\/div>\n\t\t\t\t<\/div>\n\t\t\t\t\t<\/div>\n\t\t<\/div>\n\t\t\t\t<div class=\"elementor-column elementor-col-50 elementor-top-column elementor-element elementor-element-4505e4e elementor-invisible\" data-id=\"4505e4e\" data-element_type=\"column\" data-settings=\"{&quot;animation&quot;:&quot;fadeInRight&quot;}\">\n\t\t\t<div class=\"elementor-widget-wrap elementor-element-populated\">\n\t\t\t\t\t\t<div class=\"elementor-element elementor-element-dcdee91 elementor-widget elementor-widget-heading\" data-id=\"dcdee91\" data-element_type=\"widget\" data-widget_type=\"heading.default\">\n\t\t\t\t<div class=\"elementor-widget-container\">\n\t\t\t\t\t<h4 class=\"elementor-heading-title elementor-size-default\">Int\u00e9gration r\u00e9seau : petits sites, VPN et secours<\/h4>\t\t\t\t<\/div>\n\t\t\t\t<\/div>\n\t\t\t\t<div class=\"elementor-element elementor-element-d223f89 elementor-widget elementor-widget-text-editor\" data-id=\"d223f89\" data-element_type=\"widget\" data-widget_type=\"text-editor.default\">\n\t\t\t\t<div class=\"elementor-widget-container\">\n\t\t\t\t\t\t\t\t\t<p>Gr\u00e2ce \u00e0 nos solutions de routeurs 4G \/ 5G, vos abonnements mobiles deviennent de v\u00e9ritables liens professionnels int\u00e9gr\u00e9s dans votre r\u00e9seau :<\/p><ul><li>Connexion d\u2019antennes, agences secondaires, postes isol\u00e9s via VPN\/MPLS.<\/li><li>Votre r\u00e9seau principal tombe ?\u00a0<span style=\"text-indent: 0em; text-align: inherit;\">La 4G\/5G prend automatiquement le relais.<\/span><\/li><\/ul><div>\u00a0<\/div><p>Id\u00e9al pour les entreprises d\u00e9pendantes du cloud ou des outils t\u00e9l\u00e9coms<\/p>\t\t\t\t\t\t\t\t<\/div>\n\t\t\t\t<\/div>\n\t\t\t\t\t<\/div>\n\t\t<\/div>\n\t\t\t\t\t<\/div>\n\t\t<\/section>\n\t\t\t\t<\/div>\n\t\t","protected":false},"excerpt":{"rendered":"<p>Mobilit\u00e9 T\u00e9l\u00e9phonique \u2013 Offres Mobiles Professionnelles Gr\u00e2ce \u00e0 nos offres mobiles professionnelles, Caux Telecom vous propose des solutions de communication adapt\u00e9es au travail nomade, avec le choix entre les deux meilleurs r\u00e9seaux du march\u00e9 : Orange ou Bouygues Telecom. Que vous soyez sur site, en d\u00e9placement, en t\u00e9l\u00e9travail ou en &hellip;<\/p>\n","protected":false},"author":3,"featured_media":0,"parent":0,"menu_order":0,"comment_status":"closed","ping_status":"closed","template":"","meta":{"footnotes":""},"class_list":["post-13508","page","type-page","status-publish","hentry"],"_links":{"self":[{"href":"https:\/\/caux-telecom.fr\/index.php?rest_route=\/wp\/v2\/pages\/13508","targetHints":{"allow":["GET"]}}],"collection":[{"href":"https:\/\/caux-telecom.fr\/index.php?rest_route=\/wp\/v2\/pages"}],"about":[{"href":"https:\/\/caux-telecom.fr\/index.php?rest_route=\/wp\/v2\/types\/page"}],"author":[{"embeddable":true,"href":"https:\/\/caux-telecom.fr\/index.php?rest_route=\/wp\/v2\/users\/3"}],"replies":[{"embeddable":true,"href":"https:\/\/caux-telecom.fr\/index.php?rest_route=%2Fwp%2Fv2%2Fcomments&post=13508"}],"version-history":[{"count":11,"href":"https:\/\/caux-telecom.fr\/index.php?rest_route=\/wp\/v2\/pages\/13508\/revisions"}],"predecessor-version":[{"id":15045,"href":"https:\/\/caux-telecom.fr\/index.php?rest_route=\/wp\/v2\/pages\/13508\/revisions\/15045"}],"wp:attachment":[{"href":"https:\/\/caux-telecom.fr\/index.php?rest_route=%2Fwp%2Fv2%2Fmedia&parent=13508"}],"curies":[{"name":"wp","href":"https:\/\/api.w.org\/{rel}","templated":true}]}}