{"id":13310,"date":"2021-04-30T20:23:35","date_gmt":"2021-04-30T19:23:35","guid":{"rendered":"https:\/\/www.caux-telecom.fr\/?page_id=13310"},"modified":"2022-03-31T16:18:10","modified_gmt":"2022-03-31T14:18:10","slug":"qui-sommes-nous","status":"publish","type":"page","link":"https:\/\/caux-telecom.fr\/?page_id=13310","title":{"rendered":"Qui sommes-nous ?"},"content":{"rendered":"<!--vcv no format--><!-- vcwb\/dynamicElementComment:a3a49275 --><div class=\"vce-row-container\" data-vce-boxed-width=\"true\"><div class=\"vce-row vce-row--col-gap-30 vce-row-equal-height vce-row-content--top\" id=\"el-a3a49275\" data-vce-do-apply=\"all el-a3a49275\"><div class=\"vce-row-content\" data-vce-element-content=\"true\"><!-- vcwb\/dynamicElementComment:0c089bbc --><div class=\"vce-col vce-col--md-auto vce-col--xs-1 vce-col--xs-last vce-col--xs-first vce-col--sm-last vce-col--sm-first vce-col--md-last vce-col--lg-last vce-col--xl-last vce-col--md-first vce-col--lg-first vce-col--xl-first\" id=\"el-0c089bbc\"><div class=\"vce-col-inner\" data-vce-do-apply=\"border margin background  el-0c089bbc\"><div class=\"vce-col-content\" data-vce-element-content=\"true\" data-vce-do-apply=\"padding el-0c089bbc\"><!-- vcwb\/dynamicElementComment:9dadc34c --><div class=\"vce-single-image-container vce-single-image--align-center\"><div class=\"vce vce-single-image-wrapper\" id=\"el-9dadc34c\" data-vce-do-apply=\"all el-9dadc34c\" data-vce-animate=\"vce-o-animate--pulse\"><figure><div class=\"vce-single-image-figure-inner\" style=\"width: 745px;\"><div class=\"vce-single-image-inner vce-single-image--absolute vce-single-image--border-rounded vce-image-filter--mayfair\" style=\"width: 100%; padding-bottom: 42.1477%;\"><img decoding=\"async\" class=\"vce-single-image\" src=\"https:\/\/www.caux-telecom.fr\/wp-content\/uploads\/2021\/05\/locaux.png\" data-img-src=\"https:\/\/www.caux-telecom.fr\/wp-content\/uploads\/2021\/05\/locaux.png\" alt=\"\" title=\"locaux\"><\/div><\/div><figcaption hidden=\"\"><\/figcaption><\/figure><\/div><\/div><!-- \/vcwb\/dynamicElementComment:9dadc34c --><\/div><\/div><\/div><!-- \/vcwb\/dynamicElementComment:0c089bbc --><\/div><\/div><\/div><!-- \/vcwb\/dynamicElementComment:a3a49275 --><!-- vcwb\/dynamicElementComment:335cf58a --><div class=\"vce-row-container\" data-vce-boxed-width=\"true\"><div class=\"vce-row vce-row--col-gap-30 vce-row-equal-height vce-row-content--top\" id=\"el-335cf58a\" data-vce-do-apply=\"all el-335cf58a\"><div class=\"vce-row-content\" data-vce-element-content=\"true\"><!-- vcwb\/dynamicElementComment:b9657de7 --><div class=\"vce-col vce-col--md-auto vce-col--xs-1 vce-col--xs-last vce-col--xs-first vce-col--sm-last vce-col--sm-first vce-col--md-last vce-col--lg-last vce-col--xl-last vce-col--md-first vce-col--lg-first vce-col--xl-first\" id=\"el-b9657de7\"><div class=\"vce-col-inner\" data-vce-do-apply=\"border margin background  el-b9657de7\"><div class=\"vce-col-content\" data-vce-element-content=\"true\" data-vce-do-apply=\"padding el-b9657de7\"><!-- vcwb\/dynamicElementComment:26442c9b --><div class=\"vce-text-block\"><div class=\"vce-text-block-wrapper vce\" id=\"el-26442c9b\" data-vce-do-apply=\"all el-26442c9b\"><p style=\"line-height: 1.25;\"><span style=\"font-size: 14pt;\">Implant\u00e9e \u00e0 Sainte-Marie des champs (76) depuis 2016, la soci\u00e9t\u00e9 Caux Telecom offre aux professionnels des services de t\u00e9l\u00e9communications aux meilleurs prix. Nous r\u00e9alisons une \u00e9tude technique pour chaque projet afin de vous proposer une solution personnalis\u00e9e et la plus adapt\u00e9e, donc laissez vous s\u00e9duire par nos offres avec garanties de services. Si vous voulez conna\u00eetre votre \u00e9ligibilit\u00e9, contactez-nous :<\/span><\/p><ul><li style=\"line-height: 1.25;\"><span style=\"font-size: 14pt;\">Par t\u00e9l\u00e9phone au : 0235561439<\/span><\/li><li style=\"line-height: 1.25;\"><span style=\"font-size: 14pt;\">Par mail \u00e0 : <a href=\"mailto:frd@caux-telecom.fr\" rel=\"nofollow\" data-tracking-control-name=\"organization-update_share-update_update-text\" data-tracking-will-navigate=\"\">frd@caux-telecom.fr<\/a> ou via notre <a href=\"https:\/\/www.caux-telecom.fr\/?page_id=13280\">formulaire de contact.<\/a><\/span><\/li><\/ul><\/div><\/div><!-- \/vcwb\/dynamicElementComment:26442c9b --><\/div><\/div><\/div><!-- \/vcwb\/dynamicElementComment:b9657de7 --><\/div><\/div><\/div><!-- \/vcwb\/dynamicElementComment:335cf58a --><!-- vcwb\/dynamicElementComment:42725758 --><div class=\"vce-row-container\" data-vce-boxed-width=\"true\"><div class=\"vce-row vce-row--col-gap-30 vce-row-equal-height vce-row-content--top\" id=\"el-42725758\" data-vce-do-apply=\"all el-42725758\"><div class=\"vce-row-content\" data-vce-element-content=\"true\"><!-- vcwb\/dynamicElementComment:6eb5ebee --><div class=\"vce-col vce-col--md-29-72p vce-col--xs-1 vce-col--xs-last vce-col--xs-first vce-col--sm-last vce-col--sm-first vce-col--md-first vce-col--lg-first vce-col--xl-first\" id=\"el-6eb5ebee\"><div class=\"vce-col-inner\" data-vce-do-apply=\"border margin background  el-6eb5ebee\"><div class=\"vce-col-content\" data-vce-element-content=\"true\" data-vce-do-apply=\"padding el-6eb5ebee\"><!-- vcwb\/dynamicElementComment:3268f97c --><div class=\"vce-single-image-container vce-single-image--align-left\"><div class=\"vce vce-single-image-wrapper\" id=\"el-3268f97c\" data-vce-do-apply=\"all el-3268f97c\" data-vce-animate=\"vce-o-animate--bounceIn\"><figure><div class=\"vce-single-image-figure-inner\" style=\"width: 735px;\"><a href=\"http:\/\/cauxnext.fr\" title=\"Site Caux-Next\" target=\"_blank\" class=\"vce-single-image-inner vce-single-image--absolute\" style=\"width: 100%; padding-bottom: 100%;\" rel=\"noopener\"><img decoding=\"async\" class=\"vce-single-image\" src=\"https:\/\/www.caux-telecom.fr\/wp-content\/uploads\/2021\/05\/section_bg_CauxNext.png\" data-img-src=\"https:\/\/www.caux-telecom.fr\/wp-content\/uploads\/2021\/05\/section_bg_CauxNext.png\" alt=\"\" title=\"section_bg_CauxNext\"><\/a><\/div><figcaption hidden=\"\"><\/figcaption><\/figure><\/div><\/div><!-- \/vcwb\/dynamicElementComment:3268f97c --><\/div><\/div><\/div><!-- \/vcwb\/dynamicElementComment:6eb5ebee --><!-- vcwb\/dynamicElementComment:da8fd7d0 --><div class=\"vce-col vce-col--md-70-28p vce-col--xs-1 vce-col--xs-last vce-col--xs-first vce-col--sm-last vce-col--sm-first vce-col--md-last vce-col--lg-last vce-col--xl-last\" id=\"el-da8fd7d0\"><div class=\"vce-col-inner\" data-vce-do-apply=\"border margin background  el-da8fd7d0\"><div class=\"vce-col-content\" data-vce-element-content=\"true\" data-vce-do-apply=\"padding el-da8fd7d0\"><!-- vcwb\/dynamicElementComment:e0e751e1 --><div class=\"vce-shortcode\"><div class=\"vce-shortcode-wrapper vce\" id=\"el-e0e751e1\" data-vce-do-apply=\"all el-e0e751e1\">\t\t<div id=\"serious-slider-83-rnd8543\" class=\"cryout-serious-slider seriousslider serious-slider-83-rnd8543 cryout-serious-slider-83 seriousslider-overlay1 seriousslider-light seriousslider-shadow-none seriousslider-responsive-legacy seriousslider-hidetitles-1 seriousslider-slide seriousslider-sizing0 seriousslider-aligncenter seriousslider-caption-animation-slide seriousslider-textstyle-none\" data-ride=\"seriousslider\">\n\t\t\t<div class=\"seriousslider-inner\" role=\"listbox\">\n\n\t\t\t\n\t\t\t<div class=\"item slide-1 active\" role=\"option\">\n\t\t\t\t\t\t\t\t<a  href=\"https:\/\/www.solutions-consommables.com\/\" target=\"_blank\">\n\t\t\t\t\t<img decoding=\"async\" class=\"item-image\" src=\"https:\/\/caux-telecom.fr\/wp-content\/uploads\/2021\/05\/SolutionConsommable.png\" alt=\"SolutionConsommable\" >\n\t\t\t\t<\/a>\n\t\t\t\t\t\t\t\t\t\t\t\t<div class=\"seriousslider-caption\">\n\t\t\t\t\t<div class=\"seriousslider-caption-inside\">\n\t\t\t\t\t\t\t\t\t\t\t\t\t\t\t\t\t\t<div class=\"seriousslider-caption-buttons\">\n\t\t\t\t\t\t\t\t\t\t\t\t\t\t\t\t\t\t\t\t\t\t\t\t\t\t\t\t\t\t\t\t\t\t\t\t\t\t\t\t\t\t\t<\/div>\n\t\t\t\t\t<\/div><!--seriousslider-caption-inside-->\n\t\t\t\t<\/div><!--seriousslider-caption-->\n\t\t\t\t\t\t\t\t<div class=\"seriousslider-hloader\"><\/div>\n\t\t\t\t<figure class=\"seriousslider-cloader\">\n\t\t\t\t\t<svg width=\"200\" height=\"200\">\n\t\t\t\t\t\t<circle cx=\"95\" cy=\"95\" r=\"20\" transform=\"rotate(-90, 95, 95)\"\/>\n\t\t\t\t\t<\/svg>\n\t\t\t  <\/figure>\n\t\t\t<\/div>\n\n\t\t\t\n\t\t\t<div class=\"item slide-2 \" role=\"option\">\n\t\t\t\t\t\t\t\t<a  href=\"https:\/\/www.paie-servicesrh.fr\/fr\/\" target=\"_blank\">\n\t\t\t\t\t<img decoding=\"async\" class=\"item-image\" src=\"https:\/\/caux-telecom.fr\/wp-content\/uploads\/2021\/05\/PaieServiceRH.png\" alt=\"PaieServiceRH\" >\n\t\t\t\t<\/a>\n\t\t\t\t\t\t\t\t\t\t\t\t<div class=\"seriousslider-caption\">\n\t\t\t\t\t<div class=\"seriousslider-caption-inside\">\n\t\t\t\t\t\t\t\t\t\t\t\t\t\t\t\t\t\t<div class=\"seriousslider-caption-buttons\">\n\t\t\t\t\t\t\t\t\t\t\t\t\t\t\t\t\t\t\t\t\t\t\t\t\t\t\t\t\t\t\t\t\t\t\t\t\t\t\t\t\t\t\t<\/div>\n\t\t\t\t\t<\/div><!--seriousslider-caption-inside-->\n\t\t\t\t<\/div><!--seriousslider-caption-->\n\t\t\t\t\t\t\t\t<div class=\"seriousslider-hloader\"><\/div>\n\t\t\t\t<figure class=\"seriousslider-cloader\">\n\t\t\t\t\t<svg width=\"200\" height=\"200\">\n\t\t\t\t\t\t<circle cx=\"95\" cy=\"95\" r=\"20\" transform=\"rotate(-90, 95, 95)\"\/>\n\t\t\t\t\t<\/svg>\n\t\t\t  <\/figure>\n\t\t\t<\/div>\n\n\t\t\t\n\t\t\t<div class=\"item slide-3 \" role=\"option\">\n\t\t\t\t\t\t\t\t<a  href=\"https:\/\/cauxformatique.fr\/\" target=\"_blank\">\n\t\t\t\t\t<img decoding=\"async\" class=\"item-image\" src=\"https:\/\/caux-telecom.fr\/wp-content\/uploads\/2021\/05\/CauxFormatique.png\" alt=\"CauxFormatique\" >\n\t\t\t\t<\/a>\n\t\t\t\t\t\t\t\t\t\t\t\t<div class=\"seriousslider-caption\">\n\t\t\t\t\t<div class=\"seriousslider-caption-inside\">\n\t\t\t\t\t\t\t\t\t\t\t\t\t\t\t\t\t\t<div class=\"seriousslider-caption-buttons\">\n\t\t\t\t\t\t\t\t\t\t\t\t\t\t\t\t\t\t\t\t\t\t\t\t\t\t\t\t\t\t\t\t\t\t\t\t\t\t\t\t\t\t\t<\/div>\n\t\t\t\t\t<\/div><!--seriousslider-caption-inside-->\n\t\t\t\t<\/div><!--seriousslider-caption-->\n\t\t\t\t\t\t\t\t<div class=\"seriousslider-hloader\"><\/div>\n\t\t\t\t<figure class=\"seriousslider-cloader\">\n\t\t\t\t\t<svg width=\"200\" height=\"200\">\n\t\t\t\t\t\t<circle cx=\"95\" cy=\"95\" r=\"20\" transform=\"rotate(-90, 95, 95)\"\/>\n\t\t\t\t\t<\/svg>\n\t\t\t  <\/figure>\n\t\t\t<\/div>\n\n\t\t\t\n\t\t\t<div class=\"item slide-4 \" role=\"option\">\n\t\t\t\t\t\t\t\t<a  href=\"https:\/\/caux-telecom.fr\" target=\"_blank\">\n\t\t\t\t\t<img decoding=\"async\" class=\"item-image\" src=\"https:\/\/caux-telecom.fr\/wp-content\/uploads\/2021\/05\/CauxTelecom.png\" alt=\"CauxTelecom\" >\n\t\t\t\t<\/a>\n\t\t\t\t\t\t\t\t\t\t\t\t<div class=\"seriousslider-caption\">\n\t\t\t\t\t<div class=\"seriousslider-caption-inside\">\n\t\t\t\t\t\t\t\t\t\t\t\t\t\t\t\t\t\t<div class=\"seriousslider-caption-buttons\">\n\t\t\t\t\t\t\t\t\t\t\t\t\t\t\t\t\t\t\t\t\t\t\t\t\t\t\t\t\t\t\t\t\t\t\t\t\t\t\t\t\t\t\t<\/div>\n\t\t\t\t\t<\/div><!--seriousslider-caption-inside-->\n\t\t\t\t<\/div><!--seriousslider-caption-->\n\t\t\t\t\t\t\t\t<div class=\"seriousslider-hloader\"><\/div>\n\t\t\t\t<figure class=\"seriousslider-cloader\">\n\t\t\t\t\t<svg width=\"200\" height=\"200\">\n\t\t\t\t\t\t<circle cx=\"95\" cy=\"95\" r=\"20\" transform=\"rotate(-90, 95, 95)\"\/>\n\t\t\t\t\t<\/svg>\n\t\t\t  <\/figure>\n\t\t\t<\/div>\n\n\t\t\t\t\t\t<\/div>\n\n\t\t\t<div class=\"seriousslider-indicators\">\n\t\t\t\t<ol class=\"seriousslider-indicators-inside\">\n\t\t\t\t\t\t\t\t\t\t<li data-target=\"#serious-slider-83-rnd8543\" data-slide-to=\"0\" class=\"active\"><\/li>\n\t\t\t\t\t\t\t\t\t\t<li data-target=\"#serious-slider-83-rnd8543\" data-slide-to=\"1\" ><\/li>\n\t\t\t\t\t\t\t\t\t\t<li data-target=\"#serious-slider-83-rnd8543\" data-slide-to=\"2\" ><\/li>\n\t\t\t\t\t\t\t\t\t\t<li data-target=\"#serious-slider-83-rnd8543\" data-slide-to=\"3\" ><\/li>\n\t\t\t\t\t\t\t\t\t<\/ol>\n\t\t\t<\/div>\n\n\t\t\t<button class=\"left seriousslider-control\" data-target=\"#serious-slider-83-rnd8543\" role=\"button\" data-slide=\"prev\">\n\t\t\t  <span class=\"sicon-prev control-arrow\" aria-hidden=\"true\"><\/span>\n\t\t\t  <span class=\"sr-only\">Previous Slide<\/span>\n\t\t\t<\/button>\n\t\t\t<button class=\"right seriousslider-control\" data-target=\"#serious-slider-83-rnd8543\" role=\"button\" data-slide=\"next\">\n\t\t\t  <span class=\"sicon-next control-arrow\" aria-hidden=\"true\"><\/span>\n\t\t\t  <span class=\"sr-only\">Next Slide<\/span>\n\t\t\t<\/button>\n\t\t<\/div>\n\t\t<\/div><\/div><!-- \/vcwb\/dynamicElementComment:e0e751e1 --><!-- vcwb\/dynamicElementComment:c34f334b --><div class=\"vce-text-block\"><div class=\"vce-text-block-wrapper vce\" id=\"el-c34f334b\" data-vce-do-apply=\"all el-c34f334b\"><h4 style=\"line-height: 1.25;\"><span style=\"color: #870303;\"><strong>Caux-T\u00e9l\u00e9com fait partie du groupe Caux-Next !<\/strong><\/span><\/h4><br><p style=\"line-height: 1.25;\"><span style=\"font-size: 14pt;\">R\u00e9f\u00e9rent des m\u00e9tiers de l&rsquo;IT, au service des entreprises et des collectivit\u00e9s sur l&rsquo;ensemble de la Normandie, Rouen &#8211; Dieppe &#8211; Le Havre &#8211; Evreux \u2013 Caen.<\/span><\/p><br><p style=\"line-height: 1.25;\"><span style=\"font-size: 14pt;\">Caux-Next regroupe 4 entit\u00e9s :<\/span><\/p><br><br><ul><br> \t<li style=\"line-height: 1.25;\"><span style=\"font-size: 14pt;\">Caux Formatique : Logiciels de gestion, infrastructure, r\u00e9seau et s\u00e9curit\u00e9.<\/span><\/li><br> \t<li style=\"line-height: 1.25;\"><span style=\"font-size: 14pt;\">Caux T\u00e9l\u00e9com : T\u00e9l\u00e9phonie fixe et mobile, internet.<\/span><\/li><br> \t<li style=\"line-height: 1.25;\"><span style=\"font-size: 14pt;\">Solutions Consommables : Solutions et syst\u00e8mes d&rsquo;impression, consommables informatiques.<\/span><\/li><br> \t<li style=\"line-height: 1.25;\"><span style=\"font-size: 14pt;\">Paie et Services RH : Conseil et accompagnement autour de la gestion de la Paie, du Personnel et des Ressources Humaines.<\/span><\/li><br><\/ul><\/div><\/div><!-- \/vcwb\/dynamicElementComment:c34f334b --><\/div><\/div><\/div><!-- \/vcwb\/dynamicElementComment:da8fd7d0 --><\/div><\/div><\/div><!-- \/vcwb\/dynamicElementComment:42725758 --><!--vcv no format-->","protected":false},"excerpt":{"rendered":"","protected":false},"author":3,"featured_media":0,"parent":0,"menu_order":0,"comment_status":"closed","ping_status":"closed","template":"","meta":{"footnotes":""},"class_list":["post-13310","page","type-page","status-publish","hentry"],"_links":{"self":[{"href":"https:\/\/caux-telecom.fr\/index.php?rest_route=\/wp\/v2\/pages\/13310","targetHints":{"allow":["GET"]}}],"collection":[{"href":"https:\/\/caux-telecom.fr\/index.php?rest_route=\/wp\/v2\/pages"}],"about":[{"href":"https:\/\/caux-telecom.fr\/index.php?rest_route=\/wp\/v2\/types\/page"}],"author":[{"embeddable":true,"href":"https:\/\/caux-telecom.fr\/index.php?rest_route=\/wp\/v2\/users\/3"}],"replies":[{"embeddable":true,"href":"https:\/\/caux-telecom.fr\/index.php?rest_route=%2Fwp%2Fv2%2Fcomments&post=13310"}],"version-history":[{"count":7,"href":"https:\/\/caux-telecom.fr\/index.php?rest_route=\/wp\/v2\/pages\/13310\/revisions"}],"predecessor-version":[{"id":13622,"href":"https:\/\/caux-telecom.fr\/index.php?rest_route=\/wp\/v2\/pages\/13310\/revisions\/13622"}],"wp:attachment":[{"href":"https:\/\/caux-telecom.fr\/index.php?rest_route=%2Fwp%2Fv2%2Fmedia&parent=13310"}],"curies":[{"name":"wp","href":"https:\/\/api.w.org\/{rel}","templated":true}]}}