{"id":13308,"date":"2021-04-30T20:22:43","date_gmt":"2021-04-30T19:22:43","guid":{"rendered":"https:\/\/www.caux-telecom.fr\/?page_id=13308"},"modified":"2025-12-09T17:37:16","modified_gmt":"2025-12-09T16:37:16","slug":"fibre","status":"publish","type":"page","link":"https:\/\/caux-telecom.fr\/?page_id=13308","title":{"rendered":"Fibre"},"content":{"rendered":"\t\t<div data-elementor-type=\"wp-page\" data-elementor-id=\"13308\" class=\"elementor elementor-13308\">\n\t\t\t\t\t\t<section class=\"elementor-section elementor-top-section elementor-element elementor-element-ccbd150 elementor-section-boxed elementor-section-height-default elementor-section-height-default\" data-id=\"ccbd150\" data-element_type=\"section\">\n\t\t\t\t\t\t<div class=\"elementor-container elementor-column-gap-default\">\n\t\t\t\t\t<div class=\"elementor-column elementor-col-50 elementor-top-column elementor-element elementor-element-40b44b3 elementor-invisible\" data-id=\"40b44b3\" data-element_type=\"column\" data-settings=\"{&quot;animation&quot;:&quot;fadeInLeft&quot;}\">\n\t\t\t<div class=\"elementor-widget-wrap elementor-element-populated\">\n\t\t\t\t\t\t<div class=\"elementor-element elementor-element-c1a0863 elementor-widget elementor-widget-heading\" data-id=\"c1a0863\" data-element_type=\"widget\" data-widget_type=\"heading.default\">\n\t\t\t\t<div class=\"elementor-widget-container\">\n\t\t\t\t\t<h4 class=\"elementor-heading-title elementor-size-default\">Fibre Optique Professionnelle \u2013 Performance &amp; Fiabilit\u00e9<\/h4>\t\t\t\t<\/div>\n\t\t\t\t<\/div>\n\t\t\t\t<div class=\"elementor-element elementor-element-aaabb72 elementor-widget elementor-widget-text-editor\" data-id=\"aaabb72\" data-element_type=\"widget\" data-widget_type=\"text-editor.default\">\n\t\t\t\t<div class=\"elementor-widget-container\">\n\t\t\t\t\t\t\t\t\t<p>La fibre optique professionnelle propos\u00e9e par Caux Telecom garantit une connexion tr\u00e8s haut d\u00e9bit, stable et adapt\u00e9e aux entreprises exigeantes. Que vous soyez PME, commerce, collectivit\u00e9 ou site industriel, nous d\u00e9ployons la fibre la plus performante disponible \u00e0 votre adresse.<\/p>\t\t\t\t\t\t\t\t<\/div>\n\t\t\t\t<\/div>\n\t\t\t\t\t<\/div>\n\t\t<\/div>\n\t\t\t\t<div class=\"elementor-column elementor-col-50 elementor-top-column elementor-element elementor-element-eb0587e elementor-invisible\" data-id=\"eb0587e\" data-element_type=\"column\" data-settings=\"{&quot;animation&quot;:&quot;fadeInRight&quot;}\">\n\t\t\t<div class=\"elementor-widget-wrap elementor-element-populated\">\n\t\t\t\t\t\t<div class=\"elementor-element elementor-element-628e507 elementor-widget__width-initial elementor-widget elementor-widget-image\" data-id=\"628e507\" data-element_type=\"widget\" data-widget_type=\"image.default\">\n\t\t\t\t<div class=\"elementor-widget-container\">\n\t\t\t\t\t\t\t\t\t\t\t\t\t\t\t<img fetchpriority=\"high\" decoding=\"async\" width=\"768\" height=\"614\" src=\"https:\/\/caux-telecom.fr\/wp-content\/uploads\/2025\/12\/pngegg.png\" class=\"attachment-large size-large wp-image-15021\" alt=\"\" srcset=\"https:\/\/caux-telecom.fr\/wp-content\/uploads\/2025\/12\/pngegg.png 768w, https:\/\/caux-telecom.fr\/wp-content\/uploads\/2025\/12\/pngegg-300x240.png 300w, https:\/\/caux-telecom.fr\/wp-content\/uploads\/2025\/12\/pngegg-438x350.png 438w\" sizes=\"(max-width: 768px) 100vw, 768px\" \/>\t\t\t\t\t\t\t\t\t\t\t\t\t\t\t<\/div>\n\t\t\t\t<\/div>\n\t\t\t\t\t<\/div>\n\t\t<\/div>\n\t\t\t\t\t<\/div>\n\t\t<\/section>\n\t\t\t\t<section class=\"elementor-section elementor-top-section elementor-element elementor-element-9333fea elementor-section-boxed elementor-section-height-default elementor-section-height-default\" data-id=\"9333fea\" data-element_type=\"section\">\n\t\t\t\t\t\t<div class=\"elementor-container elementor-column-gap-default\">\n\t\t\t\t\t<div class=\"elementor-column elementor-col-100 elementor-top-column elementor-element elementor-element-87455f1\" data-id=\"87455f1\" data-element_type=\"column\">\n\t\t\t<div class=\"elementor-widget-wrap elementor-element-populated\">\n\t\t\t\t\t\t<div class=\"elementor-element elementor-element-ca5b58b elementor-widget elementor-widget-spacer\" data-id=\"ca5b58b\" data-element_type=\"widget\" data-widget_type=\"spacer.default\">\n\t\t\t\t<div class=\"elementor-widget-container\">\n\t\t\t\t\t\t\t<div class=\"elementor-spacer\">\n\t\t\t<div class=\"elementor-spacer-inner\"><\/div>\n\t\t<\/div>\n\t\t\t\t\t\t<\/div>\n\t\t\t\t<\/div>\n\t\t\t\t\t<\/div>\n\t\t<\/div>\n\t\t\t\t\t<\/div>\n\t\t<\/section>\n\t\t\t\t<section class=\"elementor-section elementor-top-section elementor-element elementor-element-6514197 elementor-section-boxed elementor-section-height-default elementor-section-height-default\" data-id=\"6514197\" data-element_type=\"section\">\n\t\t\t\t\t\t<div class=\"elementor-container elementor-column-gap-default\">\n\t\t\t\t\t<div class=\"elementor-column elementor-col-50 elementor-top-column elementor-element elementor-element-7032ed0 elementor-invisible\" data-id=\"7032ed0\" data-element_type=\"column\" data-settings=\"{&quot;animation&quot;:&quot;fadeInLeft&quot;}\">\n\t\t\t<div class=\"elementor-widget-wrap elementor-element-populated\">\n\t\t\t\t\t\t<div class=\"elementor-element elementor-element-c207ab4 elementor-widget elementor-widget-heading\" data-id=\"c207ab4\" data-element_type=\"widget\" data-widget_type=\"heading.default\">\n\t\t\t\t<div class=\"elementor-widget-container\">\n\t\t\t\t\t<h4 class=\"elementor-heading-title elementor-size-default\">Fibre FTTH Pro<\/h4>\t\t\t\t<\/div>\n\t\t\t\t<\/div>\n\t\t\t\t<div class=\"elementor-element elementor-element-a670ba0 elementor-widget elementor-widget-text-editor\" data-id=\"a670ba0\" data-element_type=\"widget\" data-widget_type=\"text-editor.default\">\n\t\t\t\t<div class=\"elementor-widget-container\">\n\t\t\t\t\t\t\t\t\t<p data-start=\"770\" data-end=\"861\">La solution id\u00e9ale pour les entreprises souhaitant un excellent rapport performance\/prix.<\/p>\n<p>\u00a0<\/p>\n<ul>\n<li data-start=\"862\" data-end=\"881\">\n<p data-start=\"864\" data-end=\"881\">Tr\u00e8s haut d\u00e9bit<\/p>\n<\/li>\n<li data-start=\"862\" data-end=\"881\">\n<p data-start=\"864\" data-end=\"881\"><span style=\"text-align: inherit; text-indent: 0em;\">Connexion stable pour le cloud, VoIP, visioconf\u00e9rence<\/span><\/p>\n<\/li>\n<li data-start=\"862\" data-end=\"881\">\n<p data-start=\"864\" data-end=\"881\"><span style=\"text-align: inherit; text-indent: 0em;\">Installation rapide<\/span><\/p>\n<\/li>\n<li><span style=\"text-indent: 0em; text-align: inherit;\">Id\u00e9al pour PME, bureaux, professions lib\u00e9rales<\/span><\/li>\n<\/ul>\t\t\t\t\t\t\t\t<\/div>\n\t\t\t\t<\/div>\n\t\t\t\t\t<\/div>\n\t\t<\/div>\n\t\t\t\t<div class=\"elementor-column elementor-col-50 elementor-top-column elementor-element elementor-element-810f178 elementor-invisible\" data-id=\"810f178\" data-element_type=\"column\" data-settings=\"{&quot;animation&quot;:&quot;fadeInRight&quot;}\">\n\t\t\t<div class=\"elementor-widget-wrap elementor-element-populated\">\n\t\t\t\t\t\t<div class=\"elementor-element elementor-element-0338cf0 elementor-widget elementor-widget-heading\" data-id=\"0338cf0\" data-element_type=\"widget\" data-widget_type=\"heading.default\">\n\t\t\t\t<div class=\"elementor-widget-container\">\n\t\t\t\t\t<h4 class=\"elementor-heading-title elementor-size-default\">Fibre D\u00e9di\u00e9e FTTO (Fibre Entreprise)<\/h4>\t\t\t\t<\/div>\n\t\t\t\t<\/div>\n\t\t\t\t<div class=\"elementor-element elementor-element-9e6a515 elementor-widget elementor-widget-text-editor\" data-id=\"9e6a515\" data-element_type=\"widget\" data-widget_type=\"text-editor.default\">\n\t\t\t\t<div class=\"elementor-widget-container\">\n\t\t\t\t\t\t\t\t\t<p>La fibre haut de gamme d\u00e9di\u00e9e \u00e0 votre entreprise.<\/p><p><br><\/p>\n<ul>\n<li>D\u00e9bit sym\u00e9trique jusqu\u2019\u00e0 10 Gb\/s<\/li>\n<li>GTR 4h (garantie de r\u00e9tablissement)<\/li>\n<li>Supervision 24\/7<\/li>\n<li>Liaison enti\u00e8rement d\u00e9di\u00e9e et s\u00e9curis\u00e9e<\/li>\n<li>Parfait pour les environnements critiques : serveurs, call-centers, multisites<\/li>\n<\/ul>\t\t\t\t\t\t\t\t<\/div>\n\t\t\t\t<\/div>\n\t\t\t\t\t<\/div>\n\t\t<\/div>\n\t\t\t\t\t<\/div>\n\t\t<\/section>\n\t\t\t\t<section class=\"elementor-section elementor-top-section elementor-element elementor-element-b086679 elementor-section-boxed elementor-section-height-default elementor-section-height-default\" data-id=\"b086679\" data-element_type=\"section\">\n\t\t\t\t\t\t<div class=\"elementor-container elementor-column-gap-default\">\n\t\t\t\t\t<div class=\"elementor-column elementor-col-100 elementor-top-column elementor-element elementor-element-c2a2eb8\" data-id=\"c2a2eb8\" data-element_type=\"column\">\n\t\t\t<div class=\"elementor-widget-wrap elementor-element-populated\">\n\t\t\t\t\t\t<div class=\"elementor-element elementor-element-63ce52c elementor-widget elementor-widget-spacer\" data-id=\"63ce52c\" data-element_type=\"widget\" data-widget_type=\"spacer.default\">\n\t\t\t\t<div class=\"elementor-widget-container\">\n\t\t\t\t\t\t\t<div class=\"elementor-spacer\">\n\t\t\t<div class=\"elementor-spacer-inner\"><\/div>\n\t\t<\/div>\n\t\t\t\t\t\t<\/div>\n\t\t\t\t<\/div>\n\t\t\t\t\t<\/div>\n\t\t<\/div>\n\t\t\t\t\t<\/div>\n\t\t<\/section>\n\t\t\t\t<section class=\"elementor-section elementor-top-section elementor-element elementor-element-82e998c elementor-section-boxed elementor-section-height-default elementor-section-height-default\" data-id=\"82e998c\" data-element_type=\"section\">\n\t\t\t\t\t\t<div class=\"elementor-container elementor-column-gap-default\">\n\t\t\t\t\t<div class=\"elementor-column elementor-col-100 elementor-top-column elementor-element elementor-element-5460e84 elementor-invisible\" data-id=\"5460e84\" data-element_type=\"column\" data-settings=\"{&quot;animation&quot;:&quot;fadeInUp&quot;}\">\n\t\t\t<div class=\"elementor-widget-wrap elementor-element-populated\">\n\t\t\t\t\t\t<div class=\"elementor-element elementor-element-e3eb1fe elementor-widget elementor-widget-heading\" data-id=\"e3eb1fe\" data-element_type=\"widget\" data-widget_type=\"heading.default\">\n\t\t\t\t<div class=\"elementor-widget-container\">\n\t\t\t\t\t<h4 class=\"elementor-heading-title elementor-size-default\">S\u00e9curit\u00e9 &amp; qualit\u00e9<\/h4>\t\t\t\t<\/div>\n\t\t\t\t<\/div>\n\t\t\t\t<div class=\"elementor-element elementor-element-ca097cf elementor-widget elementor-widget-text-editor\" data-id=\"ca097cf\" data-element_type=\"widget\" data-widget_type=\"text-editor.default\">\n\t\t\t\t<div class=\"elementor-widget-container\">\n\t\t\t\t\t\t\t\t\t<p data-start=\"770\" data-end=\"861\">Toutes nos installations comprennent :<\/p><p data-start=\"770\" data-end=\"861\"><br><\/p>\nPare-feu et s\u00e9curisation du r\u00e9seau<br>Monitoring des liens en temps r\u00e9el<br>Backup possible avec 4G\/5G ou Starlink<br>Assistance technique r\u00e9active<ul>\n<\/ul>\t\t\t\t\t\t\t\t<\/div>\n\t\t\t\t<\/div>\n\t\t\t\t\t<\/div>\n\t\t<\/div>\n\t\t\t\t\t<\/div>\n\t\t<\/section>\n\t\t\t\t<\/div>\n\t\t","protected":false},"excerpt":{"rendered":"<p>Fibre Optique Professionnelle \u2013 Performance &amp; Fiabilit\u00e9 La fibre optique professionnelle propos\u00e9e par Caux Telecom garantit une connexion tr\u00e8s haut d\u00e9bit, stable et adapt\u00e9e aux entreprises exigeantes. Que vous soyez PME, commerce, collectivit\u00e9 ou site industriel, nous d\u00e9ployons la fibre la plus performante disponible \u00e0 votre adresse. Fibre FTTH Pro &hellip;<\/p>\n","protected":false},"author":3,"featured_media":0,"parent":0,"menu_order":0,"comment_status":"closed","ping_status":"closed","template":"","meta":{"footnotes":""},"class_list":["post-13308","page","type-page","status-publish","hentry"],"_links":{"self":[{"href":"https:\/\/caux-telecom.fr\/index.php?rest_route=\/wp\/v2\/pages\/13308","targetHints":{"allow":["GET"]}}],"collection":[{"href":"https:\/\/caux-telecom.fr\/index.php?rest_route=\/wp\/v2\/pages"}],"about":[{"href":"https:\/\/caux-telecom.fr\/index.php?rest_route=\/wp\/v2\/types\/page"}],"author":[{"embeddable":true,"href":"https:\/\/caux-telecom.fr\/index.php?rest_route=\/wp\/v2\/users\/3"}],"replies":[{"embeddable":true,"href":"https:\/\/caux-telecom.fr\/index.php?rest_route=%2Fwp%2Fv2%2Fcomments&post=13308"}],"version-history":[{"count":27,"href":"https:\/\/caux-telecom.fr\/index.php?rest_route=\/wp\/v2\/pages\/13308\/revisions"}],"predecessor-version":[{"id":15055,"href":"https:\/\/caux-telecom.fr\/index.php?rest_route=\/wp\/v2\/pages\/13308\/revisions\/15055"}],"wp:attachment":[{"href":"https:\/\/caux-telecom.fr\/index.php?rest_route=%2Fwp%2Fv2%2Fmedia&parent=13308"}],"curies":[{"name":"wp","href":"https:\/\/api.w.org\/{rel}","templated":true}]}}